{"id":7745,"date":"2025-09-26T13:09:12","date_gmt":"2025-09-26T11:09:12","guid":{"rendered":"https:\/\/www.aeroclub.mc\/?page_id=7745"},"modified":"2025-09-26T13:34:29","modified_gmt":"2025-09-26T11:34:29","slug":"press-photos-videos","status":"publish","type":"page","link":"https:\/\/www.aeroclub.mc\/fr\/press-photos-videos\/","title":{"rendered":"Press &#8211; Photos &#8211; Videos : ils parlent de nous"},"content":{"rendered":"<figure class=\"wp-block-embed is-type-video is-provider-youtube wp-block-embed-youtube wp-embed-aspect-16-9 wp-has-aspect-ratio\"><div class=\"wp-block-embed__wrapper\">\n<iframe title=\"Le 19H - \u00c9dition du samedi 10 mai 2025\" width=\"1240\" height=\"698\" src=\"https:\/\/www.youtube.com\/embed\/aM-04ZB4FL4?start=1052&#038;feature=oembed\" frameborder=\"0\" allow=\"accelerometer; autoplay; clipboard-write; encrypted-media; gyroscope; picture-in-picture; web-share\" referrerpolicy=\"strict-origin-when-cross-origin\" allowfullscreen><\/iframe>\n<\/div><\/figure>\n\n\n\n<p>Journal du 10 mai 2025, sur la chaine de Monaco Info &#8211; BIA ACMC \/ FANB 2025: <br>Mise en lumi\u00e8res des premiers vols h\u00e9licopt\u00e8res dans le cadre du BIA en Principaut\u00e9 de Monaco! <\/p>\n\n\n\n<figure class=\"wp-block-embed is-type-video is-provider-youtube wp-block-embed-youtube wp-embed-aspect-16-9 wp-has-aspect-ratio\"><div class=\"wp-block-embed__wrapper\">\n<iframe title=\"L&#039;apr\u00e8s-JT : Des lyc\u00e9ens \u00e0 la conqu\u00eate du ciel\" width=\"1240\" height=\"698\" src=\"https:\/\/www.youtube.com\/embed\/_Dme1A9OHdw?feature=oembed\" frameborder=\"0\" allow=\"accelerometer; autoplay; clipboard-write; encrypted-media; gyroscope; picture-in-picture; web-share\" referrerpolicy=\"strict-origin-when-cross-origin\" allowfullscreen><\/iframe>\n<\/div><\/figure>\n\n\n\n<p>Apr\u00e8s Journal de <strong><a href=\"http:\/\/www.monacoinfo.mc\" target=\"_blank\" rel=\"noopener\" title=\"\">Monaco <\/a><a href=\"http:\/\/www.monacoinfo.com\" target=\"_blank\" rel=\"noopener\" title=\"\">Info<\/a><\/strong> du 11 juin 2025 &#8211; BIA ACMC \/ ACCA \/ FANB 2025 <\/p>\n\n\n\n<p>Ce reportage compl\u00e8te le pr\u00e9c\u00e9dent et met en avant nos partenaires que sont : <br><br>l&#8217;<a href=\"https:\/\/www.fanb.mc\/\" target=\"_blank\" rel=\"noopener\" title=\"\"><strong>Institution Saint Fran\u00e7ois d&#8217;Assise Nicolas Barr\u00e9<\/strong><\/a> (FANB) qui assure les cours th\u00e9oriques du BIA et pr\u00e9sente ses \u00e9l\u00e8ves, <br>l&#8217;<strong><a href=\"http:\/\/www.acca-aeroclub.com\" target=\"_blank\" rel=\"noopener\" title=\"\">A\u00e9roclub de la C\u00f4te d&#8217;Azur <\/a><\/strong>qui assure les vols BIA sur avions,<br>la <strong><a href=\"https:\/\/www.gouv.mc\/Gouvernement-et-Institutions\/Le-Gouvernement\/Departement-de-l-Equipement-de-l-Environnement-et-de-l-Urbanisme\/Direction-de-l-Aviation-Civile\" target=\"_blank\" rel=\"noopener\" title=\"\">Direction G\u00e9n\u00e9rale de l&#8217;Aviation Civile Mon\u00e9gasque<\/a><\/strong> (DACI) qui g\u00e8re l&#8217;h\u00e9liport de Monaco,<br>la <strong><a href=\"https:\/\/www.ecologie.gouv.fr\/direction-generale-laviation-civile-dgac-0\" target=\"_blank\" rel=\"noopener\" title=\"\">Direction G\u00e9n\u00e9rale de l&#8217;Aviation Civile Fran\u00e7aise<\/a><\/strong> (DGAC) qui g\u00e8re les contr\u00f4leurs a\u00e9riens de l&#8217;a\u00e9roport de Cannes-Mandelieu. <\/p>\n\n\n\n<p><\/p>","protected":false},"excerpt":{"rendered":"<p>Journal du 10 mai 2025, sur la chaine de Monaco Info &#8211; BIA ACMC \/ FANB 2025: Mise en lumi\u00e8res des premiers vols h\u00e9licopt\u00e8res dans le cadre du BIA en Principaut\u00e9 de Monaco! Apr\u00e8s Journal de Monaco Info du 11 juin 2025 &#8211; BIA ACMC \/ ACCA \/&hellip;<\/p>","protected":false},"author":1,"featured_media":0,"parent":0,"menu_order":0,"comment_status":"closed","ping_status":"closed","template":"","meta":{"om_disable_all_campaigns":false,"_monsterinsights_skip_tracking":false,"_monsterinsights_sitenote_active":false,"_monsterinsights_sitenote_note":"","_monsterinsights_sitenote_category":0,"footnotes":""},"class_list":["post-7745","page","type-page","status-publish","hentry"],"aioseo_notices":[],"amp_enabled":true,"_links":{"self":[{"href":"https:\/\/www.aeroclub.mc\/fr\/wp-json\/wp\/v2\/pages\/7745","targetHints":{"allow":["GET"]}}],"collection":[{"href":"https:\/\/www.aeroclub.mc\/fr\/wp-json\/wp\/v2\/pages"}],"about":[{"href":"https:\/\/www.aeroclub.mc\/fr\/wp-json\/wp\/v2\/types\/page"}],"author":[{"embeddable":true,"href":"https:\/\/www.aeroclub.mc\/fr\/wp-json\/wp\/v2\/users\/1"}],"replies":[{"embeddable":true,"href":"https:\/\/www.aeroclub.mc\/fr\/wp-json\/wp\/v2\/comments?post=7745"}],"version-history":[{"count":5,"href":"https:\/\/www.aeroclub.mc\/fr\/wp-json\/wp\/v2\/pages\/7745\/revisions"}],"predecessor-version":[{"id":7754,"href":"https:\/\/www.aeroclub.mc\/fr\/wp-json\/wp\/v2\/pages\/7745\/revisions\/7754"}],"wp:attachment":[{"href":"https:\/\/www.aeroclub.mc\/fr\/wp-json\/wp\/v2\/media?parent=7745"}],"curies":[{"name":"wp","href":"https:\/\/api.w.org\/{rel}","templated":true}]}}